{"id":1890,"date":"2023-10-31T16:22:30","date_gmt":"2023-10-31T16:22:30","guid":{"rendered":"https:\/\/mk2pvrouter.com\/?page_id=1890"},"modified":"2026-03-04T20:38:19","modified_gmt":"2026-03-04T20:38:19","slug":"elementor-1890","status":"publish","type":"page","link":"https:\/\/mk2pvrouter.com\/index.php\/elementor-1890\/","title":{"rendered":"Produit"},"content":{"rendered":"\t\t<div data-elementor-type=\"wp-page\" data-elementor-id=\"1890\" class=\"elementor elementor-1890\">\n\t\t\t\t\t\t<section class=\"elementor-section elementor-top-section elementor-element elementor-element-dae55ae elementor-section-boxed elementor-section-height-default elementor-section-height-default\" data-id=\"dae55ae\" data-element_type=\"section\" data-e-type=\"section\">\n\t\t\t\t\t\t<div class=\"elementor-container elementor-column-gap-default\">\n\t\t\t\t\t<div class=\"elementor-column elementor-col-100 elementor-top-column elementor-element elementor-element-4f7b65b\" data-id=\"4f7b65b\" data-element_type=\"column\" data-e-type=\"column\">\n\t\t\t<div class=\"elementor-widget-wrap elementor-element-populated\">\n\t\t\t\t\t\t<div class=\"elementor-element elementor-element-1959dad elementor-view-framed elementor-shape-circle elementor-position-block-start elementor-mobile-position-block-start elementor-widget elementor-widget-icon-box\" data-id=\"1959dad\" data-element_type=\"widget\" data-e-type=\"widget\" data-widget_type=\"icon-box.default\">\n\t\t\t\t<div class=\"elementor-widget-container\">\n\t\t\t\t\t\t\t<div class=\"elementor-icon-box-wrapper\">\n\n\t\t\t\t\t\t<div class=\"elementor-icon-box-icon\">\n\t\t\t\t<a href=\"https:\/\/mk2pvrouter.com\/index.php\/produit\/pvrouter\/\" class=\"elementor-icon\" tabindex=\"-1\" aria-label=\"Commander votre MK2\">\n\t\t\t\t<i aria-hidden=\"true\" class=\"fas fa-shopping-basket\"><\/i>\t\t\t\t<\/a>\n\t\t\t<\/div>\n\t\t\t\n\t\t\t\t\t\t<div class=\"elementor-icon-box-content\">\n\n\t\t\t\t\t\t\t\t\t<h2 class=\"elementor-icon-box-title\">\n\t\t\t\t\t\t<a href=\"https:\/\/mk2pvrouter.com\/index.php\/produit\/pvrouter\/\" >\n\t\t\t\t\t\t\tCommander votre MK2\t\t\t\t\t\t<\/a>\n\t\t\t\t\t<\/h2>\n\t\t\t\t\n\t\t\t\t\t\t\t\t\t<p class=\"elementor-icon-box-description\">\n\t\t\t\t\t\tA partir de 145\u20ac\t\t\t\t\t<\/p>\n\t\t\t\t\n\t\t\t<\/div>\n\t\t\t\n\t\t<\/div>\n\t\t\t\t\t\t<\/div>\n\t\t\t\t<\/div>\n\t\t\t\t<div class=\"elementor-element elementor-element-52525d7 elementor-align-center elementor-widget elementor-widget-button\" data-id=\"52525d7\" data-element_type=\"widget\" data-e-type=\"widget\" data-widget_type=\"button.default\">\n\t\t\t\t<div class=\"elementor-widget-container\">\n\t\t\t\t\t\t\t\t\t<div class=\"elementor-button-wrapper\">\n\t\t\t\t\t<a class=\"elementor-button elementor-button-link elementor-size-sm\" href=\"https:\/\/mk2pvrouter.com\/index.php\/produit\/pvrouter\/\">\n\t\t\t\t\t\t<span class=\"elementor-button-content-wrapper\">\n\t\t\t\t\t\t\t\t\t<span class=\"elementor-button-text\">Cliquez ici<\/span>\n\t\t\t\t\t<\/span>\n\t\t\t\t\t<\/a>\n\t\t\t\t<\/div>\n\t\t\t\t\t\t\t\t<\/div>\n\t\t\t\t<\/div>\n\t\t\t\t<div class=\"elementor-element elementor-element-13d36a8 elementor-widget elementor-widget-spacer\" data-id=\"13d36a8\" data-element_type=\"widget\" data-e-type=\"widget\" data-widget_type=\"spacer.default\">\n\t\t\t\t<div class=\"elementor-widget-container\">\n\t\t\t\t\t\t\t<div class=\"elementor-spacer\">\n\t\t\t<div class=\"elementor-spacer-inner\"><\/div>\n\t\t<\/div>\n\t\t\t\t\t\t<\/div>\n\t\t\t\t<\/div>\n\t\t\t\t\t<\/div>\n\t\t<\/div>\n\t\t\t\t\t<\/div>\n\t\t<\/section>\n\t\t\t\t<section class=\"elementor-section elementor-top-section elementor-element elementor-element-34d8084 elementor-section-boxed elementor-section-height-default elementor-section-height-default\" data-id=\"34d8084\" data-element_type=\"section\" data-e-type=\"section\">\n\t\t\t\t\t\t<div class=\"elementor-container elementor-column-gap-default\">\n\t\t\t\t\t<div class=\"elementor-column elementor-col-100 elementor-top-column elementor-element elementor-element-dcf3bb2\" data-id=\"dcf3bb2\" data-element_type=\"column\" data-e-type=\"column\">\n\t\t\t<div class=\"elementor-widget-wrap elementor-element-populated\">\n\t\t\t\t\t\t<div class=\"elementor-element elementor-element-70a094e elementor-widget__width-initial elementor-widget elementor-widget-text-editor\" data-id=\"70a094e\" data-element_type=\"widget\" data-e-type=\"widget\" data-widget_type=\"text-editor.default\">\n\t\t\t\t<div class=\"elementor-widget-container\">\n\t\t\t\t\t\t\t\t\t<div data-id=\"d89c75a\" data-element_type=\"widget\" data-widget_type=\"heading.default\"><div><h1 style=\"text-align: center;\"><span style=\"text-decoration: underline;\">Option de montage:<\/span><\/h1><h1 style=\"text-align: center;\"><span style=\"font-size: 16px;\">\ud83d\udd27 Le MK2PVrouter est propos\u00e9 <\/span><strong style=\"font-size: 16px;\" data-start=\"294\" data-end=\"316\">en kit \u00e0 assembler<\/strong><span style=\"font-size: 16px;\">\u00a0<\/span><strong style=\"font-size: 16px;\" data-start=\"815\" data-end=\"837\">( \u00e0 assembler, \u00e0 programmer \/ \u00e9talonner et \u00e0 tester)\u00a0<\/strong><span style=\"font-size: 16px;\">ou\u00a0<\/span><strong style=\"font-size: 16px;\" data-start=\"320\" data-end=\"339\">pr\u00eat \u00e0 l\u2019emploi (assembl\u00e9, programm\u00e9 \/ \u00e9talonn\u00e9 et test\u00e9)<\/strong><span style=\"font-size: 16px;\">.<\/span><\/h1><\/div><\/div><div data-id=\"d9fcc9f\" data-element_type=\"widget\" data-widget_type=\"text-editor.default\"><div><div dir=\"auto\">\ud83d\udc49\u00a0<span style=\"font-family: Roboto, sans-serif; font-size: 15px; font-style: normal; font-variant-ligatures: normal; font-variant-caps: normal; font-weight: 400;\">L&rsquo;option en kit est adapt\u00e9e aux bricoleurs dans l\u2019\u00e2me qui souhaitent un bo\u00eetier enti\u00e8rement sur mesure ! Les kits contiennent le n\u00e9cessaire pour effectuer vous m\u00eame chaque \u00e9tape du montage. Ce dernier, bien qu\u2019accessible gr\u00e2ce \u00e0 la notice de montage fournie, demande un certain niveau de comp\u00e9tence (et de concentration). Avec le choix de cette gamme, votre routeur n\u2019aura plus de secret pour vous !<\/span><\/div><\/div><\/div>\t\t\t\t\t\t\t\t<\/div>\n\t\t\t\t<\/div>\n\t\t\t\t<div class=\"elementor-element elementor-element-9c4274c elementor-widget elementor-widget-spacer\" data-id=\"9c4274c\" data-element_type=\"widget\" data-e-type=\"widget\" data-widget_type=\"spacer.default\">\n\t\t\t\t<div class=\"elementor-widget-container\">\n\t\t\t\t\t\t\t<div class=\"elementor-spacer\">\n\t\t\t<div class=\"elementor-spacer-inner\"><\/div>\n\t\t<\/div>\n\t\t\t\t\t\t<\/div>\n\t\t\t\t<\/div>\n\t\t\t\t<div class=\"elementor-element elementor-element-197f79b elementor-widget__width-initial elementor-widget elementor-widget-text-editor\" data-id=\"197f79b\" data-element_type=\"widget\" data-e-type=\"widget\" data-widget_type=\"text-editor.default\">\n\t\t\t\t<div class=\"elementor-widget-container\">\n\t\t\t\t\t\t\t\t\t<div data-id=\"d89c75a\" data-element_type=\"widget\" data-widget_type=\"heading.default\"><h3 data-start=\"107\" data-end=\"156\">\u00a0<\/h3><h1 style=\"text-align: center;\"><span style=\"text-decoration: underline;\">Q<\/span><span style=\"text-decoration: underline;\">ualit\u00e9, conformit\u00e9 et s\u00e9curit\u00e9 avant tout<\/span><\/h1><h3 data-start=\"107\" data-end=\"156\">\u00a0<\/h3><p data-start=\"158\" data-end=\"395\">Le <strong data-start=\"161\" data-end=\"176\">MK2PVrouter<\/strong> est con\u00e7u avec une exigence \u00e9lev\u00e9e en mati\u00e8re de <strong data-start=\"226\" data-end=\"267\">qualit\u00e9, de s\u00e9curit\u00e9 et de conformit\u00e9<\/strong>.<br data-start=\"268\" data-end=\"271\" \/>Tous les composants utilis\u00e9s sont <strong data-start=\"305\" data-end=\"323\">conformes RoHS<\/strong>, certifi\u00e9s, et s\u00e9lectionn\u00e9s pour leur <strong data-start=\"362\" data-end=\"394\">fiabilit\u00e9 et leur durabilit\u00e9<\/strong>.<\/p><p data-start=\"397\" data-end=\"703\">Pour la version <strong data-start=\"413\" data-end=\"432\">kit \u00e0 assembler<\/strong>, chaque \u00e9l\u00e9ment est soigneusement choisi afin de permettre un montage <strong data-start=\"503\" data-end=\"522\">s\u00fbr et ma\u00eetris\u00e9<\/strong>, \u00e0 condition de respecter les notices fournies. Nous r\u00e9unissons ainsi tous les \u00e9l\u00e9ments n\u00e9cessaires pour garantir un assemblage dans de bonnes conditions techniques et de s\u00e9curit\u00e9.<\/p><p data-start=\"705\" data-end=\"842\">La version <strong data-start=\"716\" data-end=\"749\">assembl\u00e9e et pr\u00eate \u00e0 l\u2019emploi<\/strong> est quant \u00e0 elle mont\u00e9e dans le respect des <strong data-start=\"794\" data-end=\"838\">normes \u00e9lectriques fran\u00e7aises en vigueur<\/strong> :<\/p><ul data-start=\"843\" data-end=\"1015\"><li data-start=\"843\" data-end=\"882\"><p data-start=\"845\" data-end=\"882\">bo\u00eetier sp\u00e9cifique adapt\u00e9 \u00e0 l\u2019usage<\/p><\/li><li data-start=\"883\" data-end=\"916\"><p data-start=\"885\" data-end=\"916\">continuit\u00e9 des terres assur\u00e9e<\/p><\/li><li data-start=\"917\" data-end=\"958\"><p data-start=\"919\" data-end=\"958\">protection des parties actives (IP2X)<\/p><\/li><li data-start=\"959\" data-end=\"1015\"><p data-start=\"961\" data-end=\"1015\">assemblage conforme aux bonnes pratiques \u00e9lectriques<\/p><\/li><\/ul><p data-start=\"1017\" data-end=\"1216\">\ud83d\udc49 Que vous choisissiez le kit ou la version assembl\u00e9e, le MK2PVrouter est pens\u00e9 pour offrir <strong data-start=\"1110\" data-end=\"1156\">une solution fiable, conforme et s\u00e9curis\u00e9e<\/strong>, adapt\u00e9e \u00e0 une int\u00e9gration durable dans votre installation.<\/p><\/div>\t\t\t\t\t\t\t\t<\/div>\n\t\t\t\t<\/div>\n\t\t\t\t\t<\/div>\n\t\t<\/div>\n\t\t\t\t\t<\/div>\n\t\t<\/section>\n\t\t\t\t<\/div>\n\t\t","protected":false},"excerpt":{"rendered":"<p>Commander votre MK2 A partir de 145\u20ac Cliquez ici Option de montage: \ud83d\udd27 Le MK2PVrouter est propos\u00e9 en kit \u00e0 assembler\u00a0( \u00e0 assembler, \u00e0 programmer \/ \u00e9talonner et \u00e0 tester)\u00a0ou\u00a0pr\u00eat \u00e0 l\u2019emploi (assembl\u00e9, programm\u00e9 \/ \u00e9talonn\u00e9 et test\u00e9). \ud83d\udc49\u00a0L&rsquo;option en kit est adapt\u00e9e aux bricoleurs dans l\u2019\u00e2me qui souhaitent un bo\u00eetier enti\u00e8rement sur mesure ! [&hellip;]<\/p>\n","protected":false},"author":2,"featured_media":0,"parent":0,"menu_order":0,"comment_status":"closed","ping_status":"closed","template":"","meta":{"ocean_post_layout":"","ocean_both_sidebars_style":"","ocean_both_sidebars_content_width":0,"ocean_both_sidebars_sidebars_width":0,"ocean_sidebar":"0","ocean_second_sidebar":"0","ocean_disable_margins":"enable","ocean_add_body_class":"","ocean_shortcode_before_top_bar":"","ocean_shortcode_after_top_bar":"","ocean_shortcode_before_header":"","ocean_shortcode_after_header":"","ocean_has_shortcode":"","ocean_shortcode_after_title":"","ocean_shortcode_before_footer_widgets":"","ocean_shortcode_after_footer_widgets":"","ocean_shortcode_before_footer_bottom":"","ocean_shortcode_after_footer_bottom":"","ocean_display_top_bar":"default","ocean_display_header":"default","ocean_header_style":"","ocean_center_header_left_menu":"0","ocean_custom_header_template":"0","ocean_custom_logo":0,"ocean_custom_retina_logo":0,"ocean_custom_logo_max_width":0,"ocean_custom_logo_tablet_max_width":0,"ocean_custom_logo_mobile_max_width":0,"ocean_custom_logo_max_height":0,"ocean_custom_logo_tablet_max_height":0,"ocean_custom_logo_mobile_max_height":0,"ocean_header_custom_menu":"0","ocean_menu_typo_font_family":"0","ocean_menu_typo_font_subset":"","ocean_menu_typo_font_size":0,"ocean_menu_typo_font_size_tablet":0,"ocean_menu_typo_font_size_mobile":0,"ocean_menu_typo_font_size_unit":"px","ocean_menu_typo_font_weight":"","ocean_menu_typo_font_weight_tablet":"","ocean_menu_typo_font_weight_mobile":"","ocean_menu_typo_transform":"","ocean_menu_typo_transform_tablet":"","ocean_menu_typo_transform_mobile":"","ocean_menu_typo_line_height":0,"ocean_menu_typo_line_height_tablet":0,"ocean_menu_typo_line_height_mobile":0,"ocean_menu_typo_line_height_unit":"","ocean_menu_typo_spacing":0,"ocean_menu_typo_spacing_tablet":0,"ocean_menu_typo_spacing_mobile":0,"ocean_menu_typo_spacing_unit":"","ocean_menu_link_color":"","ocean_menu_link_color_hover":"","ocean_menu_link_color_active":"","ocean_menu_link_background":"","ocean_menu_link_hover_background":"","ocean_menu_link_active_background":"","ocean_menu_social_links_bg":"","ocean_menu_social_hover_links_bg":"","ocean_menu_social_links_color":"","ocean_menu_social_hover_links_color":"","ocean_disable_title":"default","ocean_disable_heading":"default","ocean_post_title":"Nos Produits","ocean_post_subheading":"","ocean_post_title_style":"","ocean_post_title_background_color":"","ocean_post_title_background":0,"ocean_post_title_bg_image_position":"","ocean_post_title_bg_image_attachment":"","ocean_post_title_bg_image_repeat":"","ocean_post_title_bg_image_size":"","ocean_post_title_height":0,"ocean_post_title_bg_overlay":0.5,"ocean_post_title_bg_overlay_color":"","ocean_disable_breadcrumbs":"default","ocean_breadcrumbs_color":"","ocean_breadcrumbs_separator_color":"","ocean_breadcrumbs_links_color":"","ocean_breadcrumbs_links_hover_color":"","ocean_display_footer_widgets":"default","ocean_display_footer_bottom":"default","ocean_custom_footer_template":"0","omw_enable_modal_window":"enable","footnotes":""},"class_list":["post-1890","page","type-page","status-publish","hentry","entry"],"yoast_head":"<!-- This site is optimized with the Yoast SEO plugin v27.5 - https:\/\/yoast.com\/product\/yoast-seo-wordpress\/ -->\n<title>Produit -<\/title>\n<meta name=\"robots\" content=\"index, follow, max-snippet:-1, max-image-preview:large, max-video-preview:-1\" \/>\n<link rel=\"canonical\" href=\"https:\/\/mk2pvrouter.com\/index.php\/elementor-1890\/\" \/>\n<meta property=\"og:locale\" content=\"fr_FR\" \/>\n<meta property=\"og:type\" content=\"article\" \/>\n<meta property=\"og:title\" content=\"Produit -\" \/>\n<meta property=\"og:description\" content=\"Commander votre MK2 A partir de 145\u20ac Cliquez ici Option de montage: \ud83d\udd27 Le MK2PVrouter est propos\u00e9 en kit \u00e0 assembler\u00a0( \u00e0 assembler, \u00e0 programmer \/ \u00e9talonner et \u00e0 tester)\u00a0ou\u00a0pr\u00eat \u00e0 l\u2019emploi (assembl\u00e9, programm\u00e9 \/ \u00e9talonn\u00e9 et test\u00e9). \ud83d\udc49\u00a0L&rsquo;option en kit est adapt\u00e9e aux bricoleurs dans l\u2019\u00e2me qui souhaitent un bo\u00eetier enti\u00e8rement sur mesure ! [&hellip;]\" \/>\n<meta property=\"og:url\" content=\"https:\/\/mk2pvrouter.com\/index.php\/elementor-1890\/\" \/>\n<meta property=\"article:modified_time\" content=\"2026-03-04T20:38:19+00:00\" \/>\n<meta name=\"twitter:card\" content=\"summary_large_image\" \/>\n<meta name=\"twitter:label1\" content=\"Dur\u00e9e de lecture estim\u00e9e\" \/>\n\t<meta name=\"twitter:data1\" content=\"2 minutes\" \/>\n<script type=\"application\/ld+json\" class=\"yoast-schema-graph\">{\"@context\":\"https:\\\/\\\/schema.org\",\"@graph\":[{\"@type\":\"WebPage\",\"@id\":\"https:\\\/\\\/mk2pvrouter.com\\\/index.php\\\/elementor-1890\\\/\",\"url\":\"https:\\\/\\\/mk2pvrouter.com\\\/index.php\\\/elementor-1890\\\/\",\"name\":\"Produit -\",\"isPartOf\":{\"@id\":\"https:\\\/\\\/mk2pvrouter.com\\\/#website\"},\"datePublished\":\"2023-10-31T16:22:30+00:00\",\"dateModified\":\"2026-03-04T20:38:19+00:00\",\"breadcrumb\":{\"@id\":\"https:\\\/\\\/mk2pvrouter.com\\\/index.php\\\/elementor-1890\\\/#breadcrumb\"},\"inLanguage\":\"fr-FR\",\"potentialAction\":[{\"@type\":\"ReadAction\",\"target\":[\"https:\\\/\\\/mk2pvrouter.com\\\/index.php\\\/elementor-1890\\\/\"]}]},{\"@type\":\"BreadcrumbList\",\"@id\":\"https:\\\/\\\/mk2pvrouter.com\\\/index.php\\\/elementor-1890\\\/#breadcrumb\",\"itemListElement\":[{\"@type\":\"ListItem\",\"position\":1,\"name\":\"Accueil\",\"item\":\"https:\\\/\\\/mk2pvrouter.com\\\/\"},{\"@type\":\"ListItem\",\"position\":2,\"name\":\"Produit\"}]},{\"@type\":\"WebSite\",\"@id\":\"https:\\\/\\\/mk2pvrouter.com\\\/#website\",\"url\":\"https:\\\/\\\/mk2pvrouter.com\\\/\",\"name\":\"\",\"description\":\"\",\"potentialAction\":[{\"@type\":\"SearchAction\",\"target\":{\"@type\":\"EntryPoint\",\"urlTemplate\":\"https:\\\/\\\/mk2pvrouter.com\\\/?s={search_term_string}\"},\"query-input\":{\"@type\":\"PropertyValueSpecification\",\"valueRequired\":true,\"valueName\":\"search_term_string\"}}],\"inLanguage\":\"fr-FR\"}]}<\/script>\n<!-- \/ Yoast SEO plugin. -->","yoast_head_json":{"title":"Produit -","robots":{"index":"index","follow":"follow","max-snippet":"max-snippet:-1","max-image-preview":"max-image-preview:large","max-video-preview":"max-video-preview:-1"},"canonical":"https:\/\/mk2pvrouter.com\/index.php\/elementor-1890\/","og_locale":"fr_FR","og_type":"article","og_title":"Produit -","og_description":"Commander votre MK2 A partir de 145\u20ac Cliquez ici Option de montage: \ud83d\udd27 Le MK2PVrouter est propos\u00e9 en kit \u00e0 assembler\u00a0( \u00e0 assembler, \u00e0 programmer \/ \u00e9talonner et \u00e0 tester)\u00a0ou\u00a0pr\u00eat \u00e0 l\u2019emploi (assembl\u00e9, programm\u00e9 \/ \u00e9talonn\u00e9 et test\u00e9). \ud83d\udc49\u00a0L&rsquo;option en kit est adapt\u00e9e aux bricoleurs dans l\u2019\u00e2me qui souhaitent un bo\u00eetier enti\u00e8rement sur mesure ! [&hellip;]","og_url":"https:\/\/mk2pvrouter.com\/index.php\/elementor-1890\/","article_modified_time":"2026-03-04T20:38:19+00:00","twitter_card":"summary_large_image","twitter_misc":{"Dur\u00e9e de lecture estim\u00e9e":"2 minutes"},"schema":{"@context":"https:\/\/schema.org","@graph":[{"@type":"WebPage","@id":"https:\/\/mk2pvrouter.com\/index.php\/elementor-1890\/","url":"https:\/\/mk2pvrouter.com\/index.php\/elementor-1890\/","name":"Produit -","isPartOf":{"@id":"https:\/\/mk2pvrouter.com\/#website"},"datePublished":"2023-10-31T16:22:30+00:00","dateModified":"2026-03-04T20:38:19+00:00","breadcrumb":{"@id":"https:\/\/mk2pvrouter.com\/index.php\/elementor-1890\/#breadcrumb"},"inLanguage":"fr-FR","potentialAction":[{"@type":"ReadAction","target":["https:\/\/mk2pvrouter.com\/index.php\/elementor-1890\/"]}]},{"@type":"BreadcrumbList","@id":"https:\/\/mk2pvrouter.com\/index.php\/elementor-1890\/#breadcrumb","itemListElement":[{"@type":"ListItem","position":1,"name":"Accueil","item":"https:\/\/mk2pvrouter.com\/"},{"@type":"ListItem","position":2,"name":"Produit"}]},{"@type":"WebSite","@id":"https:\/\/mk2pvrouter.com\/#website","url":"https:\/\/mk2pvrouter.com\/","name":"","description":"","potentialAction":[{"@type":"SearchAction","target":{"@type":"EntryPoint","urlTemplate":"https:\/\/mk2pvrouter.com\/?s={search_term_string}"},"query-input":{"@type":"PropertyValueSpecification","valueRequired":true,"valueName":"search_term_string"}}],"inLanguage":"fr-FR"}]}},"_links":{"self":[{"href":"https:\/\/mk2pvrouter.com\/index.php\/wp-json\/wp\/v2\/pages\/1890","targetHints":{"allow":["GET"]}}],"collection":[{"href":"https:\/\/mk2pvrouter.com\/index.php\/wp-json\/wp\/v2\/pages"}],"about":[{"href":"https:\/\/mk2pvrouter.com\/index.php\/wp-json\/wp\/v2\/types\/page"}],"author":[{"embeddable":true,"href":"https:\/\/mk2pvrouter.com\/index.php\/wp-json\/wp\/v2\/users\/2"}],"replies":[{"embeddable":true,"href":"https:\/\/mk2pvrouter.com\/index.php\/wp-json\/wp\/v2\/comments?post=1890"}],"version-history":[{"count":67,"href":"https:\/\/mk2pvrouter.com\/index.php\/wp-json\/wp\/v2\/pages\/1890\/revisions"}],"predecessor-version":[{"id":3334,"href":"https:\/\/mk2pvrouter.com\/index.php\/wp-json\/wp\/v2\/pages\/1890\/revisions\/3334"}],"wp:attachment":[{"href":"https:\/\/mk2pvrouter.com\/index.php\/wp-json\/wp\/v2\/media?parent=1890"}],"curies":[{"name":"wp","href":"https:\/\/api.w.org\/{rel}","templated":true}]}}