{"id":29,"date":"2022-12-12T17:32:19","date_gmt":"2022-12-12T17:32:19","guid":{"rendered":"https:\/\/mk2pvrouter.com\/?page_id=29"},"modified":"2026-03-05T22:20:02","modified_gmt":"2026-03-05T22:20:02","slug":"accueil","status":"publish","type":"page","link":"https:\/\/mk2pvrouter.com\/","title":{"rendered":"Accueil"},"content":{"rendered":"\t\t<div data-elementor-type=\"wp-page\" data-elementor-id=\"29\" class=\"elementor elementor-29\">\n\t\t\t\t\t\t<section class=\"elementor-section elementor-top-section elementor-element elementor-element-42631c2 elementor-section-boxed elementor-section-height-default elementor-section-height-default\" data-id=\"42631c2\" data-element_type=\"section\" data-e-type=\"section\">\n\t\t\t\t\t\t<div class=\"elementor-container elementor-column-gap-default\">\n\t\t\t\t\t<div class=\"elementor-column elementor-col-100 elementor-top-column elementor-element elementor-element-2ea4901\" data-id=\"2ea4901\" data-element_type=\"column\" data-e-type=\"column\">\n\t\t\t<div class=\"elementor-widget-wrap\">\n\t\t\t\t\t\t\t<\/div>\n\t\t<\/div>\n\t\t\t\t\t<\/div>\n\t\t<\/section>\n\t\t\t\t<section class=\"elementor-section elementor-top-section elementor-element elementor-element-7922ae6 elementor-section-full_width elementor-section-height-min-height elementor-section-items-stretch elementor-section-content-middle elementor-section-height-default\" data-id=\"7922ae6\" data-element_type=\"section\" data-e-type=\"section\" data-settings=\"{&quot;background_background&quot;:&quot;slideshow&quot;,&quot;background_slideshow_slide_duration&quot;:8000,&quot;background_slideshow_transition_duration&quot;:3000,&quot;animation&quot;:&quot;none&quot;,&quot;background_slideshow_gallery&quot;:[],&quot;background_slideshow_loop&quot;:&quot;yes&quot;,&quot;background_slideshow_slide_transition&quot;:&quot;fade&quot;}\">\n\t\t\t\t\t\t<div class=\"elementor-container elementor-column-gap-narrow\">\n\t\t\t\t\t<div class=\"elementor-column elementor-col-100 elementor-top-column elementor-element elementor-element-cd591e5\" data-id=\"cd591e5\" data-element_type=\"column\" data-e-type=\"column\">\n\t\t\t<div class=\"elementor-widget-wrap elementor-element-populated\">\n\t\t\t\t\t\t<div class=\"elementor-element elementor-element-1488078 elementor-widget elementor-widget-text-editor\" data-id=\"1488078\" data-element_type=\"widget\" data-e-type=\"widget\" data-widget_type=\"text-editor.default\">\n\t\t\t\t<div class=\"elementor-widget-container\">\n\t\t\t\t\t\t\t\t\t<p><span style=\"font-variant-ligatures: normal; font-variant-caps: normal; font-family: 'Aref Ruqaa', sans-serif; font-size: 31px; font-style: normal; font-weight: 600; color: #fffccd; text-align: center;\">Maitriser et optimiser la consommation de votre installation PV en pilotant votre flux d&rsquo;\u00e9nergie au cours de la journ\u00e9e &#8230;<\/span><\/p>\t\t\t\t\t\t\t\t<\/div>\n\t\t\t\t<\/div>\n\t\t\t\t<div class=\"elementor-element elementor-element-716542f elementor-widget elementor-widget-spacer\" data-id=\"716542f\" data-element_type=\"widget\" data-e-type=\"widget\" data-widget_type=\"spacer.default\">\n\t\t\t\t<div class=\"elementor-widget-container\">\n\t\t\t\t\t\t\t<div class=\"elementor-spacer\">\n\t\t\t<div class=\"elementor-spacer-inner\"><\/div>\n\t\t<\/div>\n\t\t\t\t\t\t<\/div>\n\t\t\t\t<\/div>\n\t\t\t\t\t<\/div>\n\t\t<\/div>\n\t\t\t\t\t<\/div>\n\t\t<\/section>\n\t\t\t\t<section class=\"elementor-section elementor-top-section elementor-element elementor-element-fdb2f4b elementor-section-boxed elementor-section-height-default elementor-section-height-default\" data-id=\"fdb2f4b\" data-element_type=\"section\" data-e-type=\"section\">\n\t\t\t\t\t\t<div class=\"elementor-container elementor-column-gap-default\">\n\t\t\t\t\t<div class=\"elementor-column elementor-col-50 elementor-top-column elementor-element elementor-element-7169a6c\" data-id=\"7169a6c\" data-element_type=\"column\" data-e-type=\"column\">\n\t\t\t<div class=\"elementor-widget-wrap elementor-element-populated\">\n\t\t\t\t\t\t<div class=\"elementor-element elementor-element-eea6d31 elementor-widget elementor-widget-image\" data-id=\"eea6d31\" data-element_type=\"widget\" data-e-type=\"widget\" data-widget_type=\"image.default\">\n\t\t\t\t<div class=\"elementor-widget-container\">\n\t\t\t\t\t\t\t\t\t\t\t\t\t\t\t<img fetchpriority=\"high\" decoding=\"async\" width=\"601\" height=\"380\" src=\"https:\/\/mk2pvrouter.com\/wp-content\/uploads\/2023\/07\/Schema-dimplantation.png\" class=\"attachment-medium_large size-medium_large wp-image-1568\" alt=\"\" srcset=\"https:\/\/mk2pvrouter.com\/wp-content\/uploads\/2023\/07\/Schema-dimplantation.png 601w, https:\/\/mk2pvrouter.com\/wp-content\/uploads\/2023\/07\/Schema-dimplantation-300x190.png 300w\" sizes=\"(max-width: 601px) 100vw, 601px\" \/>\t\t\t\t\t\t\t\t\t\t\t\t\t\t\t<\/div>\n\t\t\t\t<\/div>\n\t\t\t\t\t<\/div>\n\t\t<\/div>\n\t\t\t\t<div class=\"elementor-column elementor-col-50 elementor-top-column elementor-element elementor-element-d742e49\" data-id=\"d742e49\" data-element_type=\"column\" data-e-type=\"column\">\n\t\t\t<div class=\"elementor-widget-wrap elementor-element-populated\">\n\t\t\t\t\t\t<div class=\"elementor-element elementor-element-c52a62c elementor-widget elementor-widget-text-editor\" data-id=\"c52a62c\" data-element_type=\"widget\" data-e-type=\"widget\" data-widget_type=\"text-editor.default\">\n\t\t\t\t<div class=\"elementor-widget-container\">\n\t\t\t\t\t\t\t\t\t<p><span style=\"font-weight: 400;\">Le MK2 PV Router est l&rsquo;accessoire indispensable lorsque l&rsquo;on souhaite optimiser son autoconsommation.<\/span><\/p><p><span style=\"font-weight: 400;\">Particuli\u00e8rement adapt\u00e9 \u00e0 l\u2019alimentation de r\u00e9sistances (chauffe eau, radiateur, sol chauffant) du fait de son alimentation \u00e0 puissance variable, il saura orienter votre surplus vers le ou les \u00e9quipements raccord\u00e9s.<\/span><\/p><p><span style=\"font-weight: 400;\">Le routeur surveille en permanence la production d&rsquo;\u00e9nergie de votre syst\u00e8me en autoconsommation et redirige tout exc\u00e9dent d&rsquo;\u00e9lectricit\u00e9 vers les charges branch\u00e9es.<\/span><\/p>\t\t\t\t\t\t\t\t<\/div>\n\t\t\t\t<\/div>\n\t\t\t\t<div class=\"elementor-element elementor-element-0875bfc elementor-widget elementor-widget-spacer\" data-id=\"0875bfc\" data-element_type=\"widget\" data-e-type=\"widget\" data-widget_type=\"spacer.default\">\n\t\t\t\t<div class=\"elementor-widget-container\">\n\t\t\t\t\t\t\t<div class=\"elementor-spacer\">\n\t\t\t<div class=\"elementor-spacer-inner\"><\/div>\n\t\t<\/div>\n\t\t\t\t\t\t<\/div>\n\t\t\t\t<\/div>\n\t\t\t\t\t<\/div>\n\t\t<\/div>\n\t\t\t\t\t<\/div>\n\t\t<\/section>\n\t\t\t\t<section class=\"elementor-section elementor-top-section elementor-element elementor-element-8651df6 elementor-section-boxed elementor-section-height-default elementor-section-height-default\" data-id=\"8651df6\" data-element_type=\"section\" data-e-type=\"section\">\n\t\t\t\t\t\t<div class=\"elementor-container elementor-column-gap-default\">\n\t\t\t\t\t<div class=\"elementor-column elementor-col-50 elementor-top-column elementor-element elementor-element-c6a39fd\" data-id=\"c6a39fd\" data-element_type=\"column\" data-e-type=\"column\">\n\t\t\t<div class=\"elementor-widget-wrap elementor-element-populated\">\n\t\t\t\t\t\t<div class=\"elementor-element elementor-element-9efdc99 elementor-widget elementor-widget-image\" data-id=\"9efdc99\" data-element_type=\"widget\" data-e-type=\"widget\" data-widget_type=\"image.default\">\n\t\t\t\t<div class=\"elementor-widget-container\">\n\t\t\t\t\t\t\t\t\t\t\t\t\t\t\t<img decoding=\"async\" width=\"600\" height=\"371\" src=\"https:\/\/mk2pvrouter.com\/wp-content\/uploads\/2023\/07\/Production-et-consommation-journaliere-sans-MK2-PV-Router-2.png\" class=\"attachment-large size-large wp-image-1729\" alt=\"\" srcset=\"https:\/\/mk2pvrouter.com\/wp-content\/uploads\/2023\/07\/Production-et-consommation-journaliere-sans-MK2-PV-Router-2.png 600w, https:\/\/mk2pvrouter.com\/wp-content\/uploads\/2023\/07\/Production-et-consommation-journaliere-sans-MK2-PV-Router-2-300x186.png 300w\" sizes=\"(max-width: 600px) 100vw, 600px\" \/>\t\t\t\t\t\t\t\t\t\t\t\t\t\t\t<\/div>\n\t\t\t\t<\/div>\n\t\t\t\t\t<\/div>\n\t\t<\/div>\n\t\t\t\t<div class=\"elementor-column elementor-col-50 elementor-top-column elementor-element elementor-element-3795bd2\" data-id=\"3795bd2\" data-element_type=\"column\" data-e-type=\"column\">\n\t\t\t<div class=\"elementor-widget-wrap elementor-element-populated\">\n\t\t\t\t\t\t<div class=\"elementor-element elementor-element-e1a0e8e elementor-widget elementor-widget-image\" data-id=\"e1a0e8e\" data-element_type=\"widget\" data-e-type=\"widget\" data-widget_type=\"image.default\">\n\t\t\t\t<div class=\"elementor-widget-container\">\n\t\t\t\t\t\t\t\t\t\t\t\t\t\t\t<img decoding=\"async\" width=\"600\" height=\"371\" src=\"https:\/\/mk2pvrouter.com\/wp-content\/uploads\/2023\/07\/Production-et-consommation-journaliere-avec-MK2-PV-Router-2.png\" class=\"attachment-large size-large wp-image-1552\" alt=\"\" srcset=\"https:\/\/mk2pvrouter.com\/wp-content\/uploads\/2023\/07\/Production-et-consommation-journaliere-avec-MK2-PV-Router-2.png 600w, https:\/\/mk2pvrouter.com\/wp-content\/uploads\/2023\/07\/Production-et-consommation-journaliere-avec-MK2-PV-Router-2-300x186.png 300w\" sizes=\"(max-width: 600px) 100vw, 600px\" \/>\t\t\t\t\t\t\t\t\t\t\t\t\t\t\t<\/div>\n\t\t\t\t<\/div>\n\t\t\t\t\t<\/div>\n\t\t<\/div>\n\t\t\t\t\t<\/div>\n\t\t<\/section>\n\t\t\t\t<section class=\"elementor-section elementor-top-section elementor-element elementor-element-4999f20 elementor-section-full_width elementor-section-height-default elementor-section-height-default\" data-id=\"4999f20\" data-element_type=\"section\" data-e-type=\"section\">\n\t\t\t\t\t\t<div class=\"elementor-container elementor-column-gap-default\">\n\t\t\t\t\t<div class=\"elementor-column elementor-col-100 elementor-top-column elementor-element elementor-element-586bf28\" data-id=\"586bf28\" data-element_type=\"column\" data-e-type=\"column\">\n\t\t\t<div class=\"elementor-widget-wrap elementor-element-populated\">\n\t\t\t\t\t\t<div class=\"elementor-element elementor-element-9854c68 elementor-align-center elementor-widget elementor-widget-button\" data-id=\"9854c68\" data-element_type=\"widget\" data-e-type=\"widget\" data-widget_type=\"button.default\">\n\t\t\t\t<div class=\"elementor-widget-container\">\n\t\t\t\t\t\t\t\t\t<div class=\"elementor-button-wrapper\">\n\t\t\t\t\t<a class=\"elementor-button elementor-button-link elementor-size-md\" href=\"https:\/\/mk2pvrouter.com\/index.php\/decouvrir\/\">\n\t\t\t\t\t\t<span class=\"elementor-button-content-wrapper\">\n\t\t\t\t\t\t\t\t\t<span class=\"elementor-button-text\">En savoir plus<\/span>\n\t\t\t\t\t<\/span>\n\t\t\t\t\t<\/a>\n\t\t\t\t<\/div>\n\t\t\t\t\t\t\t\t<\/div>\n\t\t\t\t<\/div>\n\t\t\t\t\t<\/div>\n\t\t<\/div>\n\t\t\t\t\t<\/div>\n\t\t<\/section>\n\t\t\t\t<\/div>\n\t\t","protected":false},"excerpt":{"rendered":"<p>Maitriser et optimiser la consommation de votre installation PV en pilotant votre flux d&rsquo;\u00e9nergie au cours de la journ\u00e9e &#8230; Le MK2 PV Router est l&rsquo;accessoire indispensable lorsque l&rsquo;on souhaite optimiser son autoconsommation. Particuli\u00e8rement adapt\u00e9 \u00e0 l\u2019alimentation de r\u00e9sistances (chauffe eau, radiateur, sol chauffant) du fait de son alimentation \u00e0 puissance variable, il saura orienter [&hellip;]<\/p>\n","protected":false},"author":2,"featured_media":0,"parent":0,"menu_order":0,"comment_status":"closed","ping_status":"closed","template":"elementor_theme","meta":{"ocean_post_layout":"","ocean_both_sidebars_style":"","ocean_both_sidebars_content_width":0,"ocean_both_sidebars_sidebars_width":0,"ocean_sidebar":"","ocean_second_sidebar":"0","ocean_disable_margins":"enable","ocean_add_body_class":"","ocean_shortcode_before_top_bar":"","ocean_shortcode_after_top_bar":"","ocean_shortcode_before_header":"","ocean_shortcode_after_header":"","ocean_has_shortcode":"","ocean_shortcode_after_title":"","ocean_shortcode_before_footer_widgets":"","ocean_shortcode_after_footer_widgets":"","ocean_shortcode_before_footer_bottom":"","ocean_shortcode_after_footer_bottom":"","ocean_display_top_bar":"default","ocean_display_header":"default","ocean_header_style":"minimal","ocean_center_header_left_menu":"25","ocean_custom_header_template":"0","ocean_custom_logo":0,"ocean_custom_retina_logo":0,"ocean_custom_logo_max_width":0,"ocean_custom_logo_tablet_max_width":0,"ocean_custom_logo_mobile_max_width":0,"ocean_custom_logo_max_height":0,"ocean_custom_logo_tablet_max_height":0,"ocean_custom_logo_mobile_max_height":0,"ocean_header_custom_menu":"25","ocean_menu_typo_font_family":"0","ocean_menu_typo_font_subset":"","ocean_menu_typo_font_size":0,"ocean_menu_typo_font_size_tablet":0,"ocean_menu_typo_font_size_mobile":0,"ocean_menu_typo_font_size_unit":"px","ocean_menu_typo_font_weight":"","ocean_menu_typo_font_weight_tablet":"","ocean_menu_typo_font_weight_mobile":"","ocean_menu_typo_transform":"","ocean_menu_typo_transform_tablet":"","ocean_menu_typo_transform_mobile":"","ocean_menu_typo_line_height":0,"ocean_menu_typo_line_height_tablet":0,"ocean_menu_typo_line_height_mobile":0,"ocean_menu_typo_line_height_unit":"","ocean_menu_typo_spacing":0,"ocean_menu_typo_spacing_tablet":0,"ocean_menu_typo_spacing_mobile":0,"ocean_menu_typo_spacing_unit":"","ocean_menu_link_color":"","ocean_menu_link_color_hover":"","ocean_menu_link_color_active":"","ocean_menu_link_background":"","ocean_menu_link_hover_background":"","ocean_menu_link_active_background":"","ocean_menu_social_links_bg":"","ocean_menu_social_hover_links_bg":"","ocean_menu_social_links_color":"","ocean_menu_social_hover_links_color":"","ocean_disable_title":"on","ocean_disable_heading":"default","ocean_post_title":"","ocean_post_subheading":"","ocean_post_title_style":"","ocean_post_title_background_color":"","ocean_post_title_background":0,"ocean_post_title_bg_image_position":"","ocean_post_title_bg_image_attachment":"","ocean_post_title_bg_image_repeat":"","ocean_post_title_bg_image_size":"","ocean_post_title_height":0,"ocean_post_title_bg_overlay":0.5,"ocean_post_title_bg_overlay_color":"","ocean_disable_breadcrumbs":"default","ocean_breadcrumbs_color":"","ocean_breadcrumbs_separator_color":"","ocean_breadcrumbs_links_color":"","ocean_breadcrumbs_links_hover_color":"","ocean_display_footer_widgets":"default","ocean_display_footer_bottom":"default","ocean_custom_footer_template":"0","omw_enable_modal_window":"enable","footnotes":""},"class_list":["post-29","page","type-page","status-publish","hentry","entry"],"yoast_head":"<!-- This site is optimized with the Yoast SEO plugin v27.5 - https:\/\/yoast.com\/product\/yoast-seo-wordpress\/ -->\n<title>Accueil -<\/title>\n<meta name=\"robots\" content=\"index, follow, max-snippet:-1, max-image-preview:large, max-video-preview:-1\" \/>\n<link rel=\"canonical\" href=\"https:\/\/mk2pvrouter.com\/\" \/>\n<meta property=\"og:locale\" content=\"fr_FR\" \/>\n<meta property=\"og:type\" content=\"article\" \/>\n<meta property=\"og:title\" content=\"Accueil -\" \/>\n<meta property=\"og:description\" content=\"Maitriser et optimiser la consommation de votre installation PV en pilotant votre flux d&rsquo;\u00e9nergie au cours de la journ\u00e9e &#8230; Le MK2 PV Router est l&rsquo;accessoire indispensable lorsque l&rsquo;on souhaite optimiser son autoconsommation. Particuli\u00e8rement adapt\u00e9 \u00e0 l\u2019alimentation de r\u00e9sistances (chauffe eau, radiateur, sol chauffant) du fait de son alimentation \u00e0 puissance variable, il saura orienter [&hellip;]\" \/>\n<meta property=\"og:url\" content=\"https:\/\/mk2pvrouter.com\/\" \/>\n<meta property=\"article:modified_time\" content=\"2026-03-05T22:20:02+00:00\" \/>\n<meta property=\"og:image\" content=\"https:\/\/mk2pvrouter.com\/wp-content\/uploads\/2023\/07\/Schema-dimplantation.png\" \/>\n\t<meta property=\"og:image:width\" content=\"601\" \/>\n\t<meta property=\"og:image:height\" content=\"380\" \/>\n\t<meta property=\"og:image:type\" content=\"image\/png\" \/>\n<meta name=\"twitter:card\" content=\"summary_large_image\" \/>\n<meta name=\"twitter:label1\" content=\"Dur\u00e9e de lecture estim\u00e9e\" \/>\n\t<meta name=\"twitter:data1\" content=\"2 minutes\" \/>\n<script type=\"application\/ld+json\" class=\"yoast-schema-graph\">{\"@context\":\"https:\\\/\\\/schema.org\",\"@graph\":[{\"@type\":\"WebPage\",\"@id\":\"https:\\\/\\\/mk2pvrouter.com\\\/\",\"url\":\"https:\\\/\\\/mk2pvrouter.com\\\/\",\"name\":\"Accueil -\",\"isPartOf\":{\"@id\":\"https:\\\/\\\/mk2pvrouter.com\\\/#website\"},\"primaryImageOfPage\":{\"@id\":\"https:\\\/\\\/mk2pvrouter.com\\\/#primaryimage\"},\"image\":{\"@id\":\"https:\\\/\\\/mk2pvrouter.com\\\/#primaryimage\"},\"thumbnailUrl\":\"https:\\\/\\\/mk2pvrouter.com\\\/wp-content\\\/uploads\\\/2023\\\/07\\\/Schema-dimplantation.png\",\"datePublished\":\"2022-12-12T17:32:19+00:00\",\"dateModified\":\"2026-03-05T22:20:02+00:00\",\"breadcrumb\":{\"@id\":\"https:\\\/\\\/mk2pvrouter.com\\\/#breadcrumb\"},\"inLanguage\":\"fr-FR\",\"potentialAction\":[{\"@type\":\"ReadAction\",\"target\":[\"https:\\\/\\\/mk2pvrouter.com\\\/\"]}]},{\"@type\":\"ImageObject\",\"inLanguage\":\"fr-FR\",\"@id\":\"https:\\\/\\\/mk2pvrouter.com\\\/#primaryimage\",\"url\":\"https:\\\/\\\/mk2pvrouter.com\\\/wp-content\\\/uploads\\\/2023\\\/07\\\/Schema-dimplantation.png\",\"contentUrl\":\"https:\\\/\\\/mk2pvrouter.com\\\/wp-content\\\/uploads\\\/2023\\\/07\\\/Schema-dimplantation.png\",\"width\":601,\"height\":380},{\"@type\":\"BreadcrumbList\",\"@id\":\"https:\\\/\\\/mk2pvrouter.com\\\/#breadcrumb\",\"itemListElement\":[{\"@type\":\"ListItem\",\"position\":1,\"name\":\"Accueil\",\"item\":\"https:\\\/\\\/mk2pvrouter.com\\\/\"},{\"@type\":\"ListItem\",\"position\":2,\"name\":\"Accueil\"}]},{\"@type\":\"WebSite\",\"@id\":\"https:\\\/\\\/mk2pvrouter.com\\\/#website\",\"url\":\"https:\\\/\\\/mk2pvrouter.com\\\/\",\"name\":\"\",\"description\":\"\",\"potentialAction\":[{\"@type\":\"SearchAction\",\"target\":{\"@type\":\"EntryPoint\",\"urlTemplate\":\"https:\\\/\\\/mk2pvrouter.com\\\/?s={search_term_string}\"},\"query-input\":{\"@type\":\"PropertyValueSpecification\",\"valueRequired\":true,\"valueName\":\"search_term_string\"}}],\"inLanguage\":\"fr-FR\"}]}<\/script>\n<!-- \/ Yoast SEO plugin. -->","yoast_head_json":{"title":"Accueil -","robots":{"index":"index","follow":"follow","max-snippet":"max-snippet:-1","max-image-preview":"max-image-preview:large","max-video-preview":"max-video-preview:-1"},"canonical":"https:\/\/mk2pvrouter.com\/","og_locale":"fr_FR","og_type":"article","og_title":"Accueil -","og_description":"Maitriser et optimiser la consommation de votre installation PV en pilotant votre flux d&rsquo;\u00e9nergie au cours de la journ\u00e9e &#8230; Le MK2 PV Router est l&rsquo;accessoire indispensable lorsque l&rsquo;on souhaite optimiser son autoconsommation. Particuli\u00e8rement adapt\u00e9 \u00e0 l\u2019alimentation de r\u00e9sistances (chauffe eau, radiateur, sol chauffant) du fait de son alimentation \u00e0 puissance variable, il saura orienter [&hellip;]","og_url":"https:\/\/mk2pvrouter.com\/","article_modified_time":"2026-03-05T22:20:02+00:00","og_image":[{"width":601,"height":380,"url":"https:\/\/mk2pvrouter.com\/wp-content\/uploads\/2023\/07\/Schema-dimplantation.png","type":"image\/png"}],"twitter_card":"summary_large_image","twitter_misc":{"Dur\u00e9e de lecture estim\u00e9e":"2 minutes"},"schema":{"@context":"https:\/\/schema.org","@graph":[{"@type":"WebPage","@id":"https:\/\/mk2pvrouter.com\/","url":"https:\/\/mk2pvrouter.com\/","name":"Accueil -","isPartOf":{"@id":"https:\/\/mk2pvrouter.com\/#website"},"primaryImageOfPage":{"@id":"https:\/\/mk2pvrouter.com\/#primaryimage"},"image":{"@id":"https:\/\/mk2pvrouter.com\/#primaryimage"},"thumbnailUrl":"https:\/\/mk2pvrouter.com\/wp-content\/uploads\/2023\/07\/Schema-dimplantation.png","datePublished":"2022-12-12T17:32:19+00:00","dateModified":"2026-03-05T22:20:02+00:00","breadcrumb":{"@id":"https:\/\/mk2pvrouter.com\/#breadcrumb"},"inLanguage":"fr-FR","potentialAction":[{"@type":"ReadAction","target":["https:\/\/mk2pvrouter.com\/"]}]},{"@type":"ImageObject","inLanguage":"fr-FR","@id":"https:\/\/mk2pvrouter.com\/#primaryimage","url":"https:\/\/mk2pvrouter.com\/wp-content\/uploads\/2023\/07\/Schema-dimplantation.png","contentUrl":"https:\/\/mk2pvrouter.com\/wp-content\/uploads\/2023\/07\/Schema-dimplantation.png","width":601,"height":380},{"@type":"BreadcrumbList","@id":"https:\/\/mk2pvrouter.com\/#breadcrumb","itemListElement":[{"@type":"ListItem","position":1,"name":"Accueil","item":"https:\/\/mk2pvrouter.com\/"},{"@type":"ListItem","position":2,"name":"Accueil"}]},{"@type":"WebSite","@id":"https:\/\/mk2pvrouter.com\/#website","url":"https:\/\/mk2pvrouter.com\/","name":"","description":"","potentialAction":[{"@type":"SearchAction","target":{"@type":"EntryPoint","urlTemplate":"https:\/\/mk2pvrouter.com\/?s={search_term_string}"},"query-input":{"@type":"PropertyValueSpecification","valueRequired":true,"valueName":"search_term_string"}}],"inLanguage":"fr-FR"}]}},"_links":{"self":[{"href":"https:\/\/mk2pvrouter.com\/index.php\/wp-json\/wp\/v2\/pages\/29","targetHints":{"allow":["GET"]}}],"collection":[{"href":"https:\/\/mk2pvrouter.com\/index.php\/wp-json\/wp\/v2\/pages"}],"about":[{"href":"https:\/\/mk2pvrouter.com\/index.php\/wp-json\/wp\/v2\/types\/page"}],"author":[{"embeddable":true,"href":"https:\/\/mk2pvrouter.com\/index.php\/wp-json\/wp\/v2\/users\/2"}],"replies":[{"embeddable":true,"href":"https:\/\/mk2pvrouter.com\/index.php\/wp-json\/wp\/v2\/comments?post=29"}],"version-history":[{"count":199,"href":"https:\/\/mk2pvrouter.com\/index.php\/wp-json\/wp\/v2\/pages\/29\/revisions"}],"predecessor-version":[{"id":3459,"href":"https:\/\/mk2pvrouter.com\/index.php\/wp-json\/wp\/v2\/pages\/29\/revisions\/3459"}],"wp:attachment":[{"href":"https:\/\/mk2pvrouter.com\/index.php\/wp-json\/wp\/v2\/media?parent=29"}],"curies":[{"name":"wp","href":"https:\/\/api.w.org\/{rel}","templated":true}]}}