{"id":81,"date":"2022-12-13T18:04:14","date_gmt":"2022-12-13T18:04:14","guid":{"rendered":"https:\/\/mk2pvrouter.com\/?page_id=81"},"modified":"2023-01-18T21:32:28","modified_gmt":"2023-01-18T21:32:28","slug":"a-propos-de-nous","status":"publish","type":"page","link":"https:\/\/mk2pvrouter.com\/index.php\/a-propos-de-nous\/","title":{"rendered":"A propos de nous"},"content":{"rendered":"\t\t<div data-elementor-type=\"wp-page\" data-elementor-id=\"81\" class=\"elementor elementor-81\">\n\t\t\t\t\t\t<section class=\"elementor-section elementor-top-section elementor-element elementor-element-38d7a8d elementor-section-full_width elementor-section-height-default elementor-section-height-default\" data-id=\"38d7a8d\" data-element_type=\"section\" data-e-type=\"section\">\n\t\t\t\t\t\t<div class=\"elementor-container elementor-column-gap-default\">\n\t\t\t\t\t<div class=\"elementor-column elementor-col-100 elementor-top-column elementor-element elementor-element-000330b\" data-id=\"000330b\" data-element_type=\"column\" data-e-type=\"column\">\n\t\t\t<div class=\"elementor-widget-wrap elementor-element-populated\">\n\t\t\t\t\t\t<div class=\"elementor-element elementor-element-c384832 elementor-widget-divider--view-line elementor-widget elementor-widget-divider\" data-id=\"c384832\" data-element_type=\"widget\" data-e-type=\"widget\" data-widget_type=\"divider.default\">\n\t\t\t\t<div class=\"elementor-widget-container\">\n\t\t\t\t\t\t\t<div class=\"elementor-divider\">\n\t\t\t<span class=\"elementor-divider-separator\">\n\t\t\t\t\t\t<\/span>\n\t\t<\/div>\n\t\t\t\t\t\t<\/div>\n\t\t\t\t<\/div>\n\t\t\t\t\t<\/div>\n\t\t<\/div>\n\t\t\t\t\t<\/div>\n\t\t<\/section>\n\t\t\t\t<section class=\"elementor-section elementor-top-section elementor-element elementor-element-bd94d62 elementor-section-full_width elementor-section-height-min-height elementor-section-height-default elementor-section-items-middle\" data-id=\"bd94d62\" data-element_type=\"section\" data-e-type=\"section\" data-settings=\"{&quot;background_background&quot;:&quot;slideshow&quot;,&quot;background_slideshow_gallery&quot;:[{&quot;id&quot;:170,&quot;url&quot;:&quot;https:\\\/\\\/mk2pvrouter.com\\\/wp-content\\\/uploads\\\/2022\\\/12\\\/hazy-sunset-silhouettes-landscape-with-windmills-scaled.jpg&quot;}],&quot;background_slideshow_loop&quot;:&quot;yes&quot;,&quot;background_slideshow_slide_duration&quot;:5000,&quot;background_slideshow_slide_transition&quot;:&quot;fade&quot;,&quot;background_slideshow_transition_duration&quot;:500}\">\n\t\t\t\t\t\t<div class=\"elementor-container elementor-column-gap-default\">\n\t\t\t\t\t<div class=\"elementor-column elementor-col-100 elementor-top-column elementor-element elementor-element-2918016\" data-id=\"2918016\" data-element_type=\"column\" data-e-type=\"column\">\n\t\t\t<div class=\"elementor-widget-wrap\">\n\t\t\t\t\t\t\t<\/div>\n\t\t<\/div>\n\t\t\t\t\t<\/div>\n\t\t<\/section>\n\t\t\t\t<section class=\"elementor-section elementor-top-section elementor-element elementor-element-9739324 elementor-section-boxed elementor-section-height-default elementor-section-height-default\" data-id=\"9739324\" data-element_type=\"section\" data-e-type=\"section\">\n\t\t\t\t\t\t<div class=\"elementor-container elementor-column-gap-default\">\n\t\t\t\t\t<div class=\"elementor-column elementor-col-100 elementor-top-column elementor-element elementor-element-0768746\" data-id=\"0768746\" data-element_type=\"column\" data-e-type=\"column\">\n\t\t\t<div class=\"elementor-widget-wrap elementor-element-populated\">\n\t\t\t\t\t\t<div class=\"elementor-element elementor-element-d9d9101 elementor-widget elementor-widget-spacer\" data-id=\"d9d9101\" data-element_type=\"widget\" data-e-type=\"widget\" data-widget_type=\"spacer.default\">\n\t\t\t\t<div class=\"elementor-widget-container\">\n\t\t\t\t\t\t\t<div class=\"elementor-spacer\">\n\t\t\t<div class=\"elementor-spacer-inner\"><\/div>\n\t\t<\/div>\n\t\t\t\t\t\t<\/div>\n\t\t\t\t<\/div>\n\t\t\t\t<div class=\"elementor-element elementor-element-53de4a2 elementor-widget elementor-widget-text-editor\" data-id=\"53de4a2\" data-element_type=\"widget\" data-e-type=\"widget\" data-widget_type=\"text-editor.default\">\n\t\t\t\t<div class=\"elementor-widget-container\">\n\t\t\t\t\t\t\t\t\t<p>Notre histoire est d&rsquo;abord celle de Robin Emley. Ce cr\u00e9ateur anglais est l&rsquo;inventeur originel de la version MK2 du Pvrouter. Grace a lui&nbsp; le principe d&rsquo;un routeur solaire se d\u00e9mocratise chez beaucoup d&rsquo;entre nous, \u00e0 un moment ou l&rsquo;on en a de plus en plus besoin.&nbsp;<\/p>\n<p>Notre projet ENERGIE ROUTER est donc l&rsquo;heureuse r\u00e9sultante de cette rencontre mais aussi celle de nos deux fondateurs Quentin et Amandine. Lui travaille comme technicien dans l&rsquo;industrie depuis plus de 6 ans et est un grand passionn\u00e9 de technologies nouvelles et de montage \u00e9lectronique. Elle est dipl\u00f4m\u00e9e en droit des affaires et passionn\u00e9e d&rsquo;entrepreneuriat et d&rsquo;innovation. Ensemble ils cr\u00e9ent une (petite) \u00e9quipe pluridisciplinaire et plein d&rsquo;envie de faire une diff\u00e9rence sur le march\u00e9 de l&rsquo;\u00e9nergie.&nbsp;<\/p>\n<p>Nous utilisions la technologie de Robin (et de tous les collaborateurs qui ont aid\u00e9 \u00e0 l&rsquo;\u00e9laboration de ce boitier) comme base \u00e0 nos propres produits. Nous avons l&rsquo;ambition de proposer des boitiers norm\u00e9s qui pourraient enfin \u00eatre vendus enti\u00e8rement assembl\u00e9s. Nous travaillons \u00e9galement sur de nouvelles fonctionnalit\u00e9s et implantations du PV router qui, on l&rsquo;esp\u00e8re, pourront vous \u00eatre pr\u00e9sent\u00e9es bient\u00f4t.&nbsp;<\/p>\n<p>Nous sommes tr\u00e8s enthousiastes \u00e0 l&rsquo;id\u00e9e de pouvoir reprendre un projet d&rsquo;une telle qualit\u00e9 et de pouvoir y ajouter nos apports personnels.&nbsp;<\/p>\n<p>Restez connect\u00e9 pour suivre notre \u00e9volution et merci de nous accorder votre confiance !<\/p>\n<p style=\"text-align: center;\">Amandine et Quentin&nbsp;<\/p>\t\t\t\t\t\t\t\t<\/div>\n\t\t\t\t<\/div>\n\t\t\t\t\t<\/div>\n\t\t<\/div>\n\t\t\t\t\t<\/div>\n\t\t<\/section>\n\t\t\t\t<\/div>\n\t\t","protected":false},"excerpt":{"rendered":"<p>Notre histoire est d&rsquo;abord celle de Robin Emley. Ce cr\u00e9ateur anglais est l&rsquo;inventeur originel de la version MK2 du Pvrouter. Grace a lui&nbsp; le principe d&rsquo;un routeur solaire se d\u00e9mocratise chez beaucoup d&rsquo;entre nous, \u00e0 un moment ou l&rsquo;on en a de plus en plus besoin.&nbsp; Notre projet ENERGIE ROUTER est donc l&rsquo;heureuse r\u00e9sultante de [&hellip;]<\/p>\n","protected":false},"author":2,"featured_media":0,"parent":0,"menu_order":0,"comment_status":"closed","ping_status":"closed","template":"elementor_header_footer","meta":{"ocean_post_layout":"","ocean_both_sidebars_style":"","ocean_both_sidebars_content_width":0,"ocean_both_sidebars_sidebars_width":0,"ocean_sidebar":"0","ocean_second_sidebar":"0","ocean_disable_margins":"enable","ocean_add_body_class":"","ocean_shortcode_before_top_bar":"","ocean_shortcode_after_top_bar":"","ocean_shortcode_before_header":"","ocean_shortcode_after_header":"","ocean_has_shortcode":"","ocean_shortcode_after_title":"","ocean_shortcode_before_footer_widgets":"","ocean_shortcode_after_footer_widgets":"","ocean_shortcode_before_footer_bottom":"","ocean_shortcode_after_footer_bottom":"","ocean_display_top_bar":"default","ocean_display_header":"default","ocean_header_style":"","ocean_center_header_left_menu":"0","ocean_custom_header_template":"0","ocean_custom_logo":0,"ocean_custom_retina_logo":0,"ocean_custom_logo_max_width":0,"ocean_custom_logo_tablet_max_width":0,"ocean_custom_logo_mobile_max_width":0,"ocean_custom_logo_max_height":0,"ocean_custom_logo_tablet_max_height":0,"ocean_custom_logo_mobile_max_height":0,"ocean_header_custom_menu":"0","ocean_menu_typo_font_family":"0","ocean_menu_typo_font_subset":"","ocean_menu_typo_font_size":0,"ocean_menu_typo_font_size_tablet":0,"ocean_menu_typo_font_size_mobile":0,"ocean_menu_typo_font_size_unit":"px","ocean_menu_typo_font_weight":"","ocean_menu_typo_font_weight_tablet":"","ocean_menu_typo_font_weight_mobile":"","ocean_menu_typo_transform":"","ocean_menu_typo_transform_tablet":"","ocean_menu_typo_transform_mobile":"","ocean_menu_typo_line_height":0,"ocean_menu_typo_line_height_tablet":0,"ocean_menu_typo_line_height_mobile":0,"ocean_menu_typo_line_height_unit":"","ocean_menu_typo_spacing":0,"ocean_menu_typo_spacing_tablet":0,"ocean_menu_typo_spacing_mobile":0,"ocean_menu_typo_spacing_unit":"","ocean_menu_link_color":"","ocean_menu_link_color_hover":"","ocean_menu_link_color_active":"","ocean_menu_link_background":"","ocean_menu_link_hover_background":"","ocean_menu_link_active_background":"","ocean_menu_social_links_bg":"","ocean_menu_social_hover_links_bg":"","ocean_menu_social_links_color":"","ocean_menu_social_hover_links_color":"","ocean_disable_title":"default","ocean_disable_heading":"default","ocean_post_title":"","ocean_post_subheading":"","ocean_post_title_style":"","ocean_post_title_background_color":"","ocean_post_title_background":0,"ocean_post_title_bg_image_position":"","ocean_post_title_bg_image_attachment":"","ocean_post_title_bg_image_repeat":"","ocean_post_title_bg_image_size":"","ocean_post_title_height":0,"ocean_post_title_bg_overlay":0.5,"ocean_post_title_bg_overlay_color":"","ocean_disable_breadcrumbs":"default","ocean_breadcrumbs_color":"","ocean_breadcrumbs_separator_color":"","ocean_breadcrumbs_links_color":"","ocean_breadcrumbs_links_hover_color":"","ocean_display_footer_widgets":"default","ocean_display_footer_bottom":"default","ocean_custom_footer_template":"0","omw_enable_modal_window":"enable","footnotes":""},"class_list":["post-81","page","type-page","status-publish","hentry","entry"],"yoast_head":"<!-- This site is optimized with the Yoast SEO plugin v27.5 - https:\/\/yoast.com\/product\/yoast-seo-wordpress\/ -->\n<title>A propos de nous -<\/title>\n<meta name=\"robots\" content=\"index, follow, max-snippet:-1, max-image-preview:large, max-video-preview:-1\" \/>\n<link rel=\"canonical\" href=\"https:\/\/mk2pvrouter.com\/index.php\/a-propos-de-nous\/\" \/>\n<meta property=\"og:locale\" content=\"fr_FR\" \/>\n<meta property=\"og:type\" content=\"article\" \/>\n<meta property=\"og:title\" content=\"A propos de nous -\" \/>\n<meta property=\"og:description\" content=\"Notre histoire est d&rsquo;abord celle de Robin Emley. Ce cr\u00e9ateur anglais est l&rsquo;inventeur originel de la version MK2 du Pvrouter. Grace a lui&nbsp; le principe d&rsquo;un routeur solaire se d\u00e9mocratise chez beaucoup d&rsquo;entre nous, \u00e0 un moment ou l&rsquo;on en a de plus en plus besoin.&nbsp; Notre projet ENERGIE ROUTER est donc l&rsquo;heureuse r\u00e9sultante de [&hellip;]\" \/>\n<meta property=\"og:url\" content=\"https:\/\/mk2pvrouter.com\/index.php\/a-propos-de-nous\/\" \/>\n<meta property=\"article:modified_time\" content=\"2023-01-18T21:32:28+00:00\" \/>\n<meta name=\"twitter:card\" content=\"summary_large_image\" \/>\n<meta name=\"twitter:label1\" content=\"Dur\u00e9e de lecture estim\u00e9e\" \/>\n\t<meta name=\"twitter:data1\" content=\"2 minutes\" \/>\n<script type=\"application\/ld+json\" class=\"yoast-schema-graph\">{\"@context\":\"https:\\\/\\\/schema.org\",\"@graph\":[{\"@type\":\"WebPage\",\"@id\":\"https:\\\/\\\/mk2pvrouter.com\\\/index.php\\\/a-propos-de-nous\\\/\",\"url\":\"https:\\\/\\\/mk2pvrouter.com\\\/index.php\\\/a-propos-de-nous\\\/\",\"name\":\"A propos de nous -\",\"isPartOf\":{\"@id\":\"https:\\\/\\\/mk2pvrouter.com\\\/#website\"},\"datePublished\":\"2022-12-13T18:04:14+00:00\",\"dateModified\":\"2023-01-18T21:32:28+00:00\",\"breadcrumb\":{\"@id\":\"https:\\\/\\\/mk2pvrouter.com\\\/index.php\\\/a-propos-de-nous\\\/#breadcrumb\"},\"inLanguage\":\"fr-FR\",\"potentialAction\":[{\"@type\":\"ReadAction\",\"target\":[\"https:\\\/\\\/mk2pvrouter.com\\\/index.php\\\/a-propos-de-nous\\\/\"]}]},{\"@type\":\"BreadcrumbList\",\"@id\":\"https:\\\/\\\/mk2pvrouter.com\\\/index.php\\\/a-propos-de-nous\\\/#breadcrumb\",\"itemListElement\":[{\"@type\":\"ListItem\",\"position\":1,\"name\":\"Accueil\",\"item\":\"https:\\\/\\\/mk2pvrouter.com\\\/\"},{\"@type\":\"ListItem\",\"position\":2,\"name\":\"A propos de nous\"}]},{\"@type\":\"WebSite\",\"@id\":\"https:\\\/\\\/mk2pvrouter.com\\\/#website\",\"url\":\"https:\\\/\\\/mk2pvrouter.com\\\/\",\"name\":\"\",\"description\":\"\",\"potentialAction\":[{\"@type\":\"SearchAction\",\"target\":{\"@type\":\"EntryPoint\",\"urlTemplate\":\"https:\\\/\\\/mk2pvrouter.com\\\/?s={search_term_string}\"},\"query-input\":{\"@type\":\"PropertyValueSpecification\",\"valueRequired\":true,\"valueName\":\"search_term_string\"}}],\"inLanguage\":\"fr-FR\"}]}<\/script>\n<!-- \/ Yoast SEO plugin. -->","yoast_head_json":{"title":"A propos de nous -","robots":{"index":"index","follow":"follow","max-snippet":"max-snippet:-1","max-image-preview":"max-image-preview:large","max-video-preview":"max-video-preview:-1"},"canonical":"https:\/\/mk2pvrouter.com\/index.php\/a-propos-de-nous\/","og_locale":"fr_FR","og_type":"article","og_title":"A propos de nous -","og_description":"Notre histoire est d&rsquo;abord celle de Robin Emley. Ce cr\u00e9ateur anglais est l&rsquo;inventeur originel de la version MK2 du Pvrouter. Grace a lui&nbsp; le principe d&rsquo;un routeur solaire se d\u00e9mocratise chez beaucoup d&rsquo;entre nous, \u00e0 un moment ou l&rsquo;on en a de plus en plus besoin.&nbsp; Notre projet ENERGIE ROUTER est donc l&rsquo;heureuse r\u00e9sultante de [&hellip;]","og_url":"https:\/\/mk2pvrouter.com\/index.php\/a-propos-de-nous\/","article_modified_time":"2023-01-18T21:32:28+00:00","twitter_card":"summary_large_image","twitter_misc":{"Dur\u00e9e de lecture estim\u00e9e":"2 minutes"},"schema":{"@context":"https:\/\/schema.org","@graph":[{"@type":"WebPage","@id":"https:\/\/mk2pvrouter.com\/index.php\/a-propos-de-nous\/","url":"https:\/\/mk2pvrouter.com\/index.php\/a-propos-de-nous\/","name":"A propos de nous -","isPartOf":{"@id":"https:\/\/mk2pvrouter.com\/#website"},"datePublished":"2022-12-13T18:04:14+00:00","dateModified":"2023-01-18T21:32:28+00:00","breadcrumb":{"@id":"https:\/\/mk2pvrouter.com\/index.php\/a-propos-de-nous\/#breadcrumb"},"inLanguage":"fr-FR","potentialAction":[{"@type":"ReadAction","target":["https:\/\/mk2pvrouter.com\/index.php\/a-propos-de-nous\/"]}]},{"@type":"BreadcrumbList","@id":"https:\/\/mk2pvrouter.com\/index.php\/a-propos-de-nous\/#breadcrumb","itemListElement":[{"@type":"ListItem","position":1,"name":"Accueil","item":"https:\/\/mk2pvrouter.com\/"},{"@type":"ListItem","position":2,"name":"A propos de nous"}]},{"@type":"WebSite","@id":"https:\/\/mk2pvrouter.com\/#website","url":"https:\/\/mk2pvrouter.com\/","name":"","description":"","potentialAction":[{"@type":"SearchAction","target":{"@type":"EntryPoint","urlTemplate":"https:\/\/mk2pvrouter.com\/?s={search_term_string}"},"query-input":{"@type":"PropertyValueSpecification","valueRequired":true,"valueName":"search_term_string"}}],"inLanguage":"fr-FR"}]}},"_links":{"self":[{"href":"https:\/\/mk2pvrouter.com\/index.php\/wp-json\/wp\/v2\/pages\/81","targetHints":{"allow":["GET"]}}],"collection":[{"href":"https:\/\/mk2pvrouter.com\/index.php\/wp-json\/wp\/v2\/pages"}],"about":[{"href":"https:\/\/mk2pvrouter.com\/index.php\/wp-json\/wp\/v2\/types\/page"}],"author":[{"embeddable":true,"href":"https:\/\/mk2pvrouter.com\/index.php\/wp-json\/wp\/v2\/users\/2"}],"replies":[{"embeddable":true,"href":"https:\/\/mk2pvrouter.com\/index.php\/wp-json\/wp\/v2\/comments?post=81"}],"version-history":[{"count":20,"href":"https:\/\/mk2pvrouter.com\/index.php\/wp-json\/wp\/v2\/pages\/81\/revisions"}],"predecessor-version":[{"id":1091,"href":"https:\/\/mk2pvrouter.com\/index.php\/wp-json\/wp\/v2\/pages\/81\/revisions\/1091"}],"wp:attachment":[{"href":"https:\/\/mk2pvrouter.com\/index.php\/wp-json\/wp\/v2\/media?parent=81"}],"curies":[{"name":"wp","href":"https:\/\/api.w.org\/{rel}","templated":true}]}}