{"id":3019,"date":"2025-10-18T00:30:51","date_gmt":"2025-10-18T00:30:51","guid":{"rendered":"https:\/\/mk2pvrouter.com\/?post_type=product&#038;p=3019"},"modified":"2026-01-26T21:00:31","modified_gmt":"2026-01-26T21:00:31","slug":"pvrouter","status":"publish","type":"product","link":"https:\/\/mk2pvrouter.com\/index.php\/produit\/pvrouter\/","title":{"rendered":"MK2Pvrouter"},"content":{"rendered":"","protected":false},"excerpt":{"rendered":"<p data-start=\"85\" data-end=\"262\"><span style=\"font-size: 10pt;\">\ud83d\udc4b <strong data-start=\"88\" data-end=\"134\">Bienvenue sur le configurateur MK2PVrouter<\/strong><\/span><br data-start=\"134\" data-end=\"137\" \/><span style=\"font-size: 10pt;\">Avant de commencer, merci de consulter la <strong data-start=\"179\" data-end=\"201\">notice utilisateur<\/strong> et les <strong data-start=\"209\" data-end=\"234\">consignes de s\u00e9curit\u00e9<\/strong> disponibles sur cette page.<\/span><\/p>\n<p data-start=\"264\" data-end=\"441\"><span style=\"font-size: 10pt;\">\ud83d\udd27 Le MK2PVrouter est propos\u00e9 <strong data-start=\"294\" data-end=\"316\">en kit \u00e0 assembler<\/strong> <strong data-start=\"815\" data-end=\"837\">( \u00e0 assembler, \u00e0 programmer \/ \u00e9talonner et \u00e0 tester) <\/strong>ou <strong data-start=\"320\" data-end=\"339\">pr\u00eat \u00e0 l\u2019emploi (assembl\u00e9, programm\u00e9 \/ \u00e9talonn\u00e9 et test\u00e9)<\/strong>.<\/span><br data-start=\"340\" data-end=\"343\" \/><span style=\"font-size: 10pt;\">\ud83d\udc49 En version kit, assurez-vous que le montage et la programmation sont adapt\u00e9s \u00e0 vos comp\u00e9tences.<\/span><\/p>\n<p data-start=\"443\" data-end=\"576\"><span style=\"font-size: 10pt;\">\ud83d\udcc2 Toute la documentation (montage, programmation, installation) est disponible ici :<\/span><\/p>\n<p data-start=\"443\" data-end=\"576\"><br data-start=\"528\" data-end=\"531\" \/><span style=\"font-size: 10pt;\">\ud83d\udd17 <a class=\"decorated-link\" href=\"https:\/\/mk2pvrouter.com\/index.php\/montage\/\" target=\"_new\" rel=\"noopener\" data-start=\"534\" data-end=\"576\">https:\/\/mk2pvrouter.com\/index.php\/montage\/<\/a><\/span><\/p>\n<p data-start=\"443\" data-end=\"576\">\n","protected":false},"featured_media":3183,"comment_status":"closed","ping_status":"closed","template":"","meta":{"ocean_post_layout":"full-width","ocean_both_sidebars_style":"","ocean_both_sidebars_content_width":0,"ocean_both_sidebars_sidebars_width":59,"ocean_sidebar":"sidebar-2","ocean_second_sidebar":"0","ocean_disable_margins":"on","ocean_add_body_class":"","ocean_shortcode_before_top_bar":"","ocean_shortcode_after_top_bar":"","ocean_shortcode_before_header":"","ocean_shortcode_after_header":"","ocean_has_shortcode":"","ocean_shortcode_after_title":"","ocean_shortcode_before_footer_widgets":"","ocean_shortcode_after_footer_widgets":"","ocean_shortcode_before_footer_bottom":"","ocean_shortcode_after_footer_bottom":"","ocean_display_top_bar":"on","ocean_display_header":"off","ocean_header_style":"","ocean_center_header_left_menu":"0","ocean_custom_header_template":"0","ocean_custom_logo":0,"ocean_custom_retina_logo":0,"ocean_custom_logo_max_width":0,"ocean_custom_logo_tablet_max_width":0,"ocean_custom_logo_mobile_max_width":0,"ocean_custom_logo_max_height":0,"ocean_custom_logo_tablet_max_height":0,"ocean_custom_logo_mobile_max_height":0,"ocean_header_custom_menu":"0","ocean_menu_typo_font_family":"0","ocean_menu_typo_font_subset":"","ocean_menu_typo_font_size":0,"ocean_menu_typo_font_size_tablet":0,"ocean_menu_typo_font_size_mobile":0,"ocean_menu_typo_font_size_unit":"px","ocean_menu_typo_font_weight":"","ocean_menu_typo_font_weight_tablet":"","ocean_menu_typo_font_weight_mobile":"","ocean_menu_typo_transform":"","ocean_menu_typo_transform_tablet":"","ocean_menu_typo_transform_mobile":"","ocean_menu_typo_line_height":0,"ocean_menu_typo_line_height_tablet":0,"ocean_menu_typo_line_height_mobile":0,"ocean_menu_typo_line_height_unit":"","ocean_menu_typo_spacing":0,"ocean_menu_typo_spacing_tablet":0,"ocean_menu_typo_spacing_mobile":0,"ocean_menu_typo_spacing_unit":"","ocean_menu_link_color":"","ocean_menu_link_color_hover":"","ocean_menu_link_color_active":"","ocean_menu_link_background":"","ocean_menu_link_hover_background":"","ocean_menu_link_active_background":"","ocean_menu_social_links_bg":"","ocean_menu_social_hover_links_bg":"","ocean_menu_social_links_color":"","ocean_menu_social_hover_links_color":"","ocean_disable_title":"on","ocean_disable_heading":"default","ocean_post_title":"","ocean_post_subheading":"","ocean_post_title_style":"","ocean_post_title_background_color":"","ocean_post_title_background":0,"ocean_post_title_bg_image_position":"","ocean_post_title_bg_image_attachment":"","ocean_post_title_bg_image_repeat":"","ocean_post_title_bg_image_size":"","ocean_post_title_height":0,"ocean_post_title_bg_overlay":0.5,"ocean_post_title_bg_overlay_color":"","ocean_disable_breadcrumbs":"off","ocean_breadcrumbs_color":"","ocean_breadcrumbs_separator_color":"","ocean_breadcrumbs_links_color":"","ocean_breadcrumbs_links_hover_color":"","ocean_display_footer_widgets":"off","ocean_display_footer_bottom":"off","ocean_custom_footer_template":"0","omw_enable_modal_window":"enable"},"product_brand":[],"product_cat":[16],"product_tag":[],"class_list":{"0":"post-3019","1":"product","2":"type-product","3":"status-publish","4":"has-post-thumbnail","6":"product_cat-kit-expert-monophase","7":"entry","8":"has-media","10":"first","11":"instock","12":"taxable","13":"shipping-taxable","14":"purchasable","15":"product-type-simple"},"yoast_head":"<!-- This site is optimized with the Yoast SEO plugin v27.5 - https:\/\/yoast.com\/product\/yoast-seo-wordpress\/ -->\n<title>MK2Pvrouter -<\/title>\n<meta name=\"robots\" content=\"index, follow, max-snippet:-1, max-image-preview:large, max-video-preview:-1\" \/>\n<link rel=\"canonical\" href=\"https:\/\/mk2pvrouter.com\/index.php\/produit\/pvrouter\/\" \/>\n<meta property=\"og:locale\" content=\"fr_FR\" \/>\n<meta property=\"og:type\" content=\"article\" \/>\n<meta property=\"og:title\" content=\"MK2Pvrouter -\" \/>\n<meta property=\"og:description\" content=\"\ud83d\udc4b Bienvenue sur le configurateur MK2PVrouterAvant de commencer, merci de consulter la notice utilisateur et les consignes de s\u00e9curit\u00e9 disponibles sur cette page. \ud83d\udd27 Le MK2PVrouter est propos\u00e9 en kit \u00e0 assembler ( \u00e0 assembler, \u00e0 programmer \/ \u00e9talonner et \u00e0 tester) ou pr\u00eat \u00e0 l\u2019emploi (assembl\u00e9, programm\u00e9 \/ \u00e9talonn\u00e9 et test\u00e9).\ud83d\udc49 En version kit, assurez-vous que le montage et la programmation sont adapt\u00e9s \u00e0 vos comp\u00e9tences. \ud83d\udcc2 Toute la documentation (montage, programmation, installation) est disponible ici : \ud83d\udd17 https:\/\/mk2pvrouter.com\/index.php\/montage\/\" \/>\n<meta property=\"og:url\" content=\"https:\/\/mk2pvrouter.com\/index.php\/produit\/pvrouter\/\" \/>\n<meta property=\"article:modified_time\" content=\"2026-01-26T21:00:31+00:00\" \/>\n<meta property=\"og:image\" content=\"https:\/\/mk2pvrouter.com\/wp-content\/uploads\/2025\/10\/FEE0B21E-81D2-4CEE-8330-7E55D8A1F477-e1766335277747-1024x621.png\" \/>\n\t<meta property=\"og:image:width\" content=\"1024\" \/>\n\t<meta property=\"og:image:height\" content=\"621\" \/>\n\t<meta property=\"og:image:type\" content=\"image\/png\" \/>\n<meta name=\"twitter:card\" content=\"summary_large_image\" \/>\n<meta name=\"twitter:label1\" content=\"Dur\u00e9e de lecture estim\u00e9e\" \/>\n\t<meta name=\"twitter:data1\" content=\"1 minute\" \/>\n<script type=\"application\/ld+json\" class=\"yoast-schema-graph\">{\"@context\":\"https:\\\/\\\/schema.org\",\"@graph\":[{\"@type\":\"WebPage\",\"@id\":\"https:\\\/\\\/mk2pvrouter.com\\\/index.php\\\/produit\\\/pvrouter\\\/\",\"url\":\"https:\\\/\\\/mk2pvrouter.com\\\/index.php\\\/produit\\\/pvrouter\\\/\",\"name\":\"MK2Pvrouter -\",\"isPartOf\":{\"@id\":\"https:\\\/\\\/mk2pvrouter.com\\\/#website\"},\"primaryImageOfPage\":{\"@id\":\"https:\\\/\\\/mk2pvrouter.com\\\/index.php\\\/produit\\\/pvrouter\\\/#primaryimage\"},\"image\":{\"@id\":\"https:\\\/\\\/mk2pvrouter.com\\\/index.php\\\/produit\\\/pvrouter\\\/#primaryimage\"},\"thumbnailUrl\":\"https:\\\/\\\/mk2pvrouter.com\\\/wp-content\\\/uploads\\\/2025\\\/10\\\/FEE0B21E-81D2-4CEE-8330-7E55D8A1F477-e1766335277747.png\",\"datePublished\":\"2025-10-18T00:30:51+00:00\",\"dateModified\":\"2026-01-26T21:00:31+00:00\",\"breadcrumb\":{\"@id\":\"https:\\\/\\\/mk2pvrouter.com\\\/index.php\\\/produit\\\/pvrouter\\\/#breadcrumb\"},\"inLanguage\":\"fr-FR\",\"potentialAction\":[{\"@type\":\"ReadAction\",\"target\":[\"https:\\\/\\\/mk2pvrouter.com\\\/index.php\\\/produit\\\/pvrouter\\\/\"]}]},{\"@type\":\"ImageObject\",\"inLanguage\":\"fr-FR\",\"@id\":\"https:\\\/\\\/mk2pvrouter.com\\\/index.php\\\/produit\\\/pvrouter\\\/#primaryimage\",\"url\":\"https:\\\/\\\/mk2pvrouter.com\\\/wp-content\\\/uploads\\\/2025\\\/10\\\/FEE0B21E-81D2-4CEE-8330-7E55D8A1F477-e1766335277747.png\",\"contentUrl\":\"https:\\\/\\\/mk2pvrouter.com\\\/wp-content\\\/uploads\\\/2025\\\/10\\\/FEE0B21E-81D2-4CEE-8330-7E55D8A1F477-e1766335277747.png\",\"width\":1536,\"height\":932},{\"@type\":\"BreadcrumbList\",\"@id\":\"https:\\\/\\\/mk2pvrouter.com\\\/index.php\\\/produit\\\/pvrouter\\\/#breadcrumb\",\"itemListElement\":[{\"@type\":\"ListItem\",\"position\":1,\"name\":\"Accueil\",\"item\":\"https:\\\/\\\/mk2pvrouter.com\\\/\"},{\"@type\":\"ListItem\",\"position\":2,\"name\":\"Produits\",\"item\":\"https:\\\/\\\/mk2pvrouter.com\\\/index.php\\\/boutique\\\/\"},{\"@type\":\"ListItem\",\"position\":3,\"name\":\"MK2Pvrouter\"}]},{\"@type\":\"WebSite\",\"@id\":\"https:\\\/\\\/mk2pvrouter.com\\\/#website\",\"url\":\"https:\\\/\\\/mk2pvrouter.com\\\/\",\"name\":\"\",\"description\":\"\",\"potentialAction\":[{\"@type\":\"SearchAction\",\"target\":{\"@type\":\"EntryPoint\",\"urlTemplate\":\"https:\\\/\\\/mk2pvrouter.com\\\/?s={search_term_string}\"},\"query-input\":{\"@type\":\"PropertyValueSpecification\",\"valueRequired\":true,\"valueName\":\"search_term_string\"}}],\"inLanguage\":\"fr-FR\"}]}<\/script>\n<!-- \/ Yoast SEO plugin. -->","yoast_head_json":{"title":"MK2Pvrouter -","robots":{"index":"index","follow":"follow","max-snippet":"max-snippet:-1","max-image-preview":"max-image-preview:large","max-video-preview":"max-video-preview:-1"},"canonical":"https:\/\/mk2pvrouter.com\/index.php\/produit\/pvrouter\/","og_locale":"fr_FR","og_type":"article","og_title":"MK2Pvrouter -","og_description":"\ud83d\udc4b Bienvenue sur le configurateur MK2PVrouterAvant de commencer, merci de consulter la notice utilisateur et les consignes de s\u00e9curit\u00e9 disponibles sur cette page. \ud83d\udd27 Le MK2PVrouter est propos\u00e9 en kit \u00e0 assembler ( \u00e0 assembler, \u00e0 programmer \/ \u00e9talonner et \u00e0 tester) ou pr\u00eat \u00e0 l\u2019emploi (assembl\u00e9, programm\u00e9 \/ \u00e9talonn\u00e9 et test\u00e9).\ud83d\udc49 En version kit, assurez-vous que le montage et la programmation sont adapt\u00e9s \u00e0 vos comp\u00e9tences. \ud83d\udcc2 Toute la documentation (montage, programmation, installation) est disponible ici : \ud83d\udd17 https:\/\/mk2pvrouter.com\/index.php\/montage\/","og_url":"https:\/\/mk2pvrouter.com\/index.php\/produit\/pvrouter\/","article_modified_time":"2026-01-26T21:00:31+00:00","og_image":[{"width":1024,"height":621,"url":"https:\/\/mk2pvrouter.com\/wp-content\/uploads\/2025\/10\/FEE0B21E-81D2-4CEE-8330-7E55D8A1F477-e1766335277747-1024x621.png","type":"image\/png"}],"twitter_card":"summary_large_image","twitter_misc":{"Dur\u00e9e de lecture estim\u00e9e":"1 minute"},"schema":{"@context":"https:\/\/schema.org","@graph":[{"@type":"WebPage","@id":"https:\/\/mk2pvrouter.com\/index.php\/produit\/pvrouter\/","url":"https:\/\/mk2pvrouter.com\/index.php\/produit\/pvrouter\/","name":"MK2Pvrouter -","isPartOf":{"@id":"https:\/\/mk2pvrouter.com\/#website"},"primaryImageOfPage":{"@id":"https:\/\/mk2pvrouter.com\/index.php\/produit\/pvrouter\/#primaryimage"},"image":{"@id":"https:\/\/mk2pvrouter.com\/index.php\/produit\/pvrouter\/#primaryimage"},"thumbnailUrl":"https:\/\/mk2pvrouter.com\/wp-content\/uploads\/2025\/10\/FEE0B21E-81D2-4CEE-8330-7E55D8A1F477-e1766335277747.png","datePublished":"2025-10-18T00:30:51+00:00","dateModified":"2026-01-26T21:00:31+00:00","breadcrumb":{"@id":"https:\/\/mk2pvrouter.com\/index.php\/produit\/pvrouter\/#breadcrumb"},"inLanguage":"fr-FR","potentialAction":[{"@type":"ReadAction","target":["https:\/\/mk2pvrouter.com\/index.php\/produit\/pvrouter\/"]}]},{"@type":"ImageObject","inLanguage":"fr-FR","@id":"https:\/\/mk2pvrouter.com\/index.php\/produit\/pvrouter\/#primaryimage","url":"https:\/\/mk2pvrouter.com\/wp-content\/uploads\/2025\/10\/FEE0B21E-81D2-4CEE-8330-7E55D8A1F477-e1766335277747.png","contentUrl":"https:\/\/mk2pvrouter.com\/wp-content\/uploads\/2025\/10\/FEE0B21E-81D2-4CEE-8330-7E55D8A1F477-e1766335277747.png","width":1536,"height":932},{"@type":"BreadcrumbList","@id":"https:\/\/mk2pvrouter.com\/index.php\/produit\/pvrouter\/#breadcrumb","itemListElement":[{"@type":"ListItem","position":1,"name":"Accueil","item":"https:\/\/mk2pvrouter.com\/"},{"@type":"ListItem","position":2,"name":"Produits","item":"https:\/\/mk2pvrouter.com\/index.php\/boutique\/"},{"@type":"ListItem","position":3,"name":"MK2Pvrouter"}]},{"@type":"WebSite","@id":"https:\/\/mk2pvrouter.com\/#website","url":"https:\/\/mk2pvrouter.com\/","name":"","description":"","potentialAction":[{"@type":"SearchAction","target":{"@type":"EntryPoint","urlTemplate":"https:\/\/mk2pvrouter.com\/?s={search_term_string}"},"query-input":{"@type":"PropertyValueSpecification","valueRequired":true,"valueName":"search_term_string"}}],"inLanguage":"fr-FR"}]}},"_links":{"self":[{"href":"https:\/\/mk2pvrouter.com\/index.php\/wp-json\/wp\/v2\/product\/3019","targetHints":{"allow":["GET"]}}],"collection":[{"href":"https:\/\/mk2pvrouter.com\/index.php\/wp-json\/wp\/v2\/product"}],"about":[{"href":"https:\/\/mk2pvrouter.com\/index.php\/wp-json\/wp\/v2\/types\/product"}],"replies":[{"embeddable":true,"href":"https:\/\/mk2pvrouter.com\/index.php\/wp-json\/wp\/v2\/comments?post=3019"}],"version-history":[{"count":1,"href":"https:\/\/mk2pvrouter.com\/index.php\/wp-json\/wp\/v2\/product\/3019\/revisions"}],"predecessor-version":[{"id":3240,"href":"https:\/\/mk2pvrouter.com\/index.php\/wp-json\/wp\/v2\/product\/3019\/revisions\/3240"}],"wp:featuredmedia":[{"embeddable":true,"href":"https:\/\/mk2pvrouter.com\/index.php\/wp-json\/wp\/v2\/media\/3183"}],"wp:attachment":[{"href":"https:\/\/mk2pvrouter.com\/index.php\/wp-json\/wp\/v2\/media?parent=3019"}],"wp:term":[{"taxonomy":"product_brand","embeddable":true,"href":"https:\/\/mk2pvrouter.com\/index.php\/wp-json\/wp\/v2\/product_brand?post=3019"},{"taxonomy":"product_cat","embeddable":true,"href":"https:\/\/mk2pvrouter.com\/index.php\/wp-json\/wp\/v2\/product_cat?post=3019"},{"taxonomy":"product_tag","embeddable":true,"href":"https:\/\/mk2pvrouter.com\/index.php\/wp-json\/wp\/v2\/product_tag?post=3019"}],"curies":[{"name":"wp","href":"https:\/\/api.w.org\/{rel}","templated":true}]}}